{"id":1181,"date":"2019-08-14T13:15:13","date_gmt":"2019-08-14T11:15:13","guid":{"rendered":"https:\/\/blog.airbjorn.de\/?page_id=1181"},"modified":"2019-08-14T15:34:37","modified_gmt":"2019-08-14T13:34:37","slug":"skytraxx-wegpunkte-importieren","status":"publish","type":"page","link":"https:\/\/blog.airbjorn.de\/?page_id=1181","title":{"rendered":"Skytraxx: Wegpunkte importieren"},"content":{"rendered":"\n<p><\/p>\n\n\n\n<p>Wettkampf-Piloten stehen h\u00e4ufig vor der Herausforderung, das Vario mit den passenden Wegpunkten zu f\u00fcttern. Die Wegpunkte werden dabei vom Wettkampf-Veranstalter festgelegt und beschreiben die GPS-Koordinaten markanter Gel\u00e4ndemarken einer Flugregion.<\/p>\n\n\n\n<p>\u00dcblicherweise stellt der Veranstalter die Wegpunkte im Vorfeld eines Wettkampfs zur Verf\u00fcgung. Dabei gibt es dutzende verschiedener Formate, die teilweise sogar die selbe Dateiendung tragen. Meistens stehen sogar verschiedene Dateien zum Download, von denen du die richtige ausw\u00e4hlen musst, damit das Vario (oder die App) sie versteht.<\/p>\n\n\n\n<p>Wenn das passende Format nicht angeboten wird, l\u00e4sst sich die Datei aber ins ben\u00f6tigte Format konvertieren. Daf\u00fcr nutze ich gerne die Freeware <a rel=\"noreferrer noopener\" aria-label=\"GpsDump (\u00f6ffnet in neuem Tab)\" href=\"http:\/\/www.gpsdump.no\/\" target=\"_blank\">GpsDump<\/a>, die f\u00fcr eine Reihe verschiedener Betriebssysteme zur Verf\u00fcgung steht.<\/p>\n\n\n\n<p>Technisch gesehen verdaut das Skytraxx Wegpunkt-Dateien im Format CompeGPS. Du l\u00e4dst also die angebotene Wegpunkte-Datei in GpsDump, um sie dann im Format CompeGPS mit der Endung .wpt wieder abzuspeichern.<\/p>\n\n\n\n<p>In der Dokumentation deines Skytraxx Ger\u00e4ts findest du die Information, wie sich die konvertierte Datei auf dein Ger\u00e4t \u00fcbertragen l\u00e4sst.<\/p>\n\n\n\n<h3 class=\"wp-block-heading\" style=\"text-align:left\">Externe Links<\/h3>\n\n\n\n<div class=\"wp-block-columns has-2-columns is-layout-flex wp-container-core-columns-is-layout-1 wp-block-columns-is-layout-flex\">\n<div class=\"wp-block-column is-layout-flow wp-block-column-is-layout-flow\">\n<div class=\" content_cards_card content_cards_domain_vimeo-com\">\n\t\t\t<div class=\"content_cards_image\">\n\t\t\t\t<a class=\"content_cards_image_link\" href=\"https:\/\/vimeo.com\/32066219\" target=\"_blank\">\n\t\t\t\t\t<img decoding=\"async\" src=\"https:\/\/i.vimeocdn.com\/video\/216632387-2773152ba0c9bc2dc11a26b5e12f3f9162ef2344265fd549abcc829251d0bf5e-d?f=webp&#038;region=us\" alt=\"GPSDump Waypoint Tutorial\">\t\t\t\t<\/a>\n\t\t<\/div>\n\t\n\t<div class=\"content_cards_title\">\n\t\t<a class=\"content_cards_title_link\" href=\"https:\/\/vimeo.com\/32066219\" target=\"_blank\">\n\t\t\tGPSDump Waypoint Tutorial\t\t<\/a>\n\t<\/div>\n\t<div class=\"content_cards_description\">\n\t\t<a class=\"content_cards_description_link\" href=\"https:\/\/vimeo.com\/32066219\" target=\"_blank\">\n\t\t\t<p>This is a tutorial video explaining how to create waypoints in Google Earth, transfer them to GPSDump, then upload them to your Flytec 6015 Variometer.<\/p>\n\t\t<\/a>\n\t<\/div>\n\t<div class=\"content_cards_site_name\">\n\t\t<img decoding=\"async\" src=\"https:\/\/vimeo.com\/favicon.ico\" alt=\"Vimeo\" class=\"content_cards_favicon\"\/>\t\tVimeo\t<\/div>\n<\/div>\n\n\n\n<div class=\" content_cards_card content_cards_domain_fs-fai-org\">\n\t\t\t<div class=\"content_cards_image\">\n\t\t\t\t<a class=\"content_cards_image_link\" href=\"http:\/\/fs.fai.org\/trac\/wiki\/GpsDump\" target=\"_blank\">\n\t\t\t\t\t<img decoding=\"async\" src=\"https:\/\/blog.airbjorn.de\/wp-content\/plugins\/content-cards\/skins\/default\/content-cards-placeholder.png\" alt=\"Page not found \u2013 fs.fai.org\">\t\t\t\t<\/a>\n\t\t<\/div>\n\t\n\t<div class=\"content_cards_title\">\n\t\t<a class=\"content_cards_title_link\" href=\"http:\/\/fs.fai.org\/trac\/wiki\/GpsDump\" target=\"_blank\">\n\t\t\tPage not found \u2013 fs.fai.org\t\t<\/a>\n\t<\/div>\n\t<div class=\"content_cards_description\">\n\t\t<a class=\"content_cards_description_link\" href=\"http:\/\/fs.fai.org\/trac\/wiki\/GpsDump\" target=\"_blank\">\n\t\t\t\t\t<\/a>\n\t<\/div>\n\t<div class=\"content_cards_site_name\">\n\t\t\t\tfs.fai.org\t<\/div>\n<\/div>\n<\/div>\n\n\n\n<div class=\"wp-block-column is-layout-flow wp-block-column-is-layout-flow\">\n<div class=\" content_cards_card content_cards_domain_blog-dbrgn-ch\">\n\t\t\t<div class=\"content_cards_image\">\n\t\t\t\t<a class=\"content_cards_image_link\" href=\"https:\/\/blog.dbrgn.ch\/2018\/12\/26\/skytraxx-converting-waypoints\/\" target=\"_blank\">\n\t\t\t\t\t<img decoding=\"async\" src=\"https:\/\/blog.airbjorn.de\/wp-content\/plugins\/content-cards\/skins\/default\/content-cards-placeholder.png\" alt=\"Converting GPX Waypoints for Skxtraxx Vario - blog.dbrgn.ch\">\t\t\t\t<\/a>\n\t\t<\/div>\n\t\n\t<div class=\"content_cards_title\">\n\t\t<a class=\"content_cards_title_link\" href=\"https:\/\/blog.dbrgn.ch\/2018\/12\/26\/skytraxx-converting-waypoints\/\" target=\"_blank\">\n\t\t\tConverting GPX Waypoints for Skxtraxx Vario - blog.dbrgn.ch\t\t<\/a>\n\t<\/div>\n\t<div class=\"content_cards_description\">\n\t\t<a class=\"content_cards_description_link\" href=\"https:\/\/blog.dbrgn.ch\/2018\/12\/26\/skytraxx-converting-waypoints\/\" target=\"_blank\">\n\t\t\t<p>How to convert waypoint files in GPX format for Skytraxx flight computers.<\/p>\n\t\t<\/a>\n\t<\/div>\n\t<div class=\"content_cards_site_name\">\n\t\t<img decoding=\"async\" src=\"https:\/\/blog.dbrgn.ch\/theme\/favicon.ico\" alt=\"blog.dbrgn.ch\" class=\"content_cards_favicon\"\/>\t\tblog.dbrgn.ch\t<\/div>\n<\/div>\n\n\n\n<div class=\" content_cards_card content_cards_domain_vimeo-com\">\n\t\t\t<div class=\"content_cards_image\">\n\t\t\t\t<a class=\"content_cards_image_link\" href=\"https:\/\/vimeo.com\/196741311\" target=\"_blank\">\n\t\t\t\t\t<img decoding=\"async\" src=\"https:\/\/i.vimeocdn.com\/video\/609304543-d0d3e5d34e67317b44c869c6e30f0be8f3d5ea54fd2c24e4b496ee2ee65da92a-d?f=webp&#038;region=us\" alt=\"Skytraxx 3.0 Wegpunkt Liste\">\t\t\t\t<\/a>\n\t\t<\/div>\n\t\n\t<div class=\"content_cards_title\">\n\t\t<a class=\"content_cards_title_link\" href=\"https:\/\/vimeo.com\/196741311\" target=\"_blank\">\n\t\t\tSkytraxx 3.0 Wegpunkt Liste\t\t<\/a>\n\t<\/div>\n\t<div class=\"content_cards_description\">\n\t\t<a class=\"content_cards_description_link\" href=\"https:\/\/vimeo.com\/196741311\" target=\"_blank\">\n\t\t\t<p>Wegpunkt Liste<\/p>\n\t\t<\/a>\n\t<\/div>\n\t<div class=\"content_cards_site_name\">\n\t\t<img decoding=\"async\" src=\"https:\/\/vimeo.com\/favicon.ico\" alt=\"Vimeo\" class=\"content_cards_favicon\"\/>\t\tVimeo\t<\/div>\n<\/div>\n<\/div>\n<\/div>\n","protected":false},"excerpt":{"rendered":"<p>Wettkampf-Piloten stehen h\u00e4ufig vor der Herausforderung, das Vario mit den passenden Wegpunkten zu f\u00fcttern. Die Wegpunkte werden dabei vom Wettkampf-Veranstalter festgelegt und beschreiben die GPS-Koordinaten markanter Gel\u00e4ndemarken einer Flugregion. \u00dcblicherweise stellt der Veranstalter die Wegpunkte im Vorfeld eines Wettkampfs zur Verf\u00fcgung. Dabei gibt es dutzende verschiedener Formate, die teilweise sogar die selbe Dateiendung tragen. Meistens [&hellip;]<\/p>\n","protected":false},"author":1,"featured_media":0,"parent":0,"menu_order":0,"comment_status":"closed","ping_status":"closed","template":"","meta":{"ngg_post_thumbnail":0,"footnotes":""},"class_list":["post-1181","page","type-page","status-publish","hentry"],"_links":{"self":[{"href":"https:\/\/blog.airbjorn.de\/index.php?rest_route=\/wp\/v2\/pages\/1181","targetHints":{"allow":["GET"]}}],"collection":[{"href":"https:\/\/blog.airbjorn.de\/index.php?rest_route=\/wp\/v2\/pages"}],"about":[{"href":"https:\/\/blog.airbjorn.de\/index.php?rest_route=\/wp\/v2\/types\/page"}],"author":[{"embeddable":true,"href":"https:\/\/blog.airbjorn.de\/index.php?rest_route=\/wp\/v2\/users\/1"}],"replies":[{"embeddable":true,"href":"https:\/\/blog.airbjorn.de\/index.php?rest_route=%2Fwp%2Fv2%2Fcomments&post=1181"}],"version-history":[{"count":55,"href":"https:\/\/blog.airbjorn.de\/index.php?rest_route=\/wp\/v2\/pages\/1181\/revisions"}],"predecessor-version":[{"id":1261,"href":"https:\/\/blog.airbjorn.de\/index.php?rest_route=\/wp\/v2\/pages\/1181\/revisions\/1261"}],"wp:attachment":[{"href":"https:\/\/blog.airbjorn.de\/index.php?rest_route=%2Fwp%2Fv2%2Fmedia&parent=1181"}],"curies":[{"name":"wp","href":"https:\/\/api.w.org\/{rel}","templated":true}]}}